{"id":15580,"date":"2020-12-08T14:48:09","date_gmt":"2020-12-08T14:48:09","guid":{"rendered":"https:\/\/www.f5tci.com\/?page_id=15580"},"modified":"2024-02-07T10:58:40","modified_gmt":"2024-02-07T10:58:40","slug":"analise-financeira","status":"publish","type":"page","link":"https:\/\/www.f5tci.com\/en\/analise-financeira\/","title":{"rendered":"Finance for all"},"content":{"rendered":"<div  class=\"vc_row wpb_row vc_row-fluid\"><div class=\"wpb_column vc_column_container vc_col-sm-12\"><div class=\"vc_column-inner\"><div class=\"wpb_wrapper\"><div  class =\"integrio_module_spacing\"><div class=\"spacing_size spacing_size-initial\" style=\"height:70px;\"><\/div><\/div>  \n<\/div><\/div><\/div><\/div><div  class=\"vc_row wpb_row vc_row-fluid\"><div class=\"wpb_column vc_column_container vc_col-sm-6\"><div class=\"vc_column-inner vc_custom_1606230224469\"><div class=\"wpb_wrapper\"><div id=\"integrio_dbl_69ee2ed7b2322\" class=\"integrio_module_double_headings aleft\"><div class=\"heading_title\"  style=\"font-size:42px; line-height:1.238; color:#1884a5; \"><h2>FINANCE FOR ALL<\/h2><\/div><\/div>  \n<div  class =\"integrio_module_spacing\"><div class=\"spacing_size spacing_size-initial\" style=\"height:30px;\"><\/div><\/div>  \n\n\t<div class=\"wpb_text_column wpb_content_element\" >\n\t\t<div class=\"wpb_wrapper\">\n\t\t\t<p>The development of this financial application came from shared knowledge between F5tci and its partner all@work, with the aim of addressing the problems and challenges expressed by several professionals in this role.<\/p>\n\n\t\t<\/div>\n\t<\/div>\n<div  class =\"integrio_module_spacing\"><div class=\"spacing_size spacing_size-initial\" style=\"height:15px;\"><\/div><\/div>  \n\n\t<div class=\"wpb_text_column wpb_content_element\" >\n\t\t<div class=\"wpb_wrapper\">\n\t\t\t<p>Built on Qlik Sense platform, this application offers democratization of financial information across the organization.<\/p>\n\n\t\t<\/div>\n\t<\/div>\n<\/div><\/div><\/div><div class=\"wpb_column vc_column_container vc_col-sm-6\"><div class=\"vc_column-inner\"><div class=\"wpb_wrapper\"><div  class =\"integrio_module_spacing\"><div class=\"spacing_size spacing_size-initial\" style=\"height:40px;\"><\/div><\/div>  \n<div class=\"wpb_images_carousel wpb_content_element vc_clearfix\"><div class=\"wpb_wrapper\"><div id=\"vc_images-carousel-1-1777217239\" data-ride=\"vc_carousel\" data-wrap=\"true\" style=\"width: 570px;\" data-interval=\"5000\" data-auto-height=\"yes\" data-mode=\"horizontal\" data-partial=\"false\" data-per-view=\"1\" data-hide-on-end=\"false\" class=\"vc_slide vc_images_carousel\"><div class=\"vc_carousel-inner\"><div class=\"vc_carousel-slideline\"><div class=\"vc_carousel-slideline-inner\"><div class=\"vc_item\"><div class=\"vc_inner\"><a class=\"prettyphoto\" href=\"\/wp-content\/uploads\/2021\/12\/Dados-Gerais-1024x474.png\" data-rel=\"prettyPhoto[rel-15580-2172672532]\"><img loading=\"lazy\" decoding=\"async\" class=\"\" src=\"\/wp-content\/uploads\/2021\/12\/Dados-Gerais-570x270.png\" width=\"570\" height=\"270\" alt=\"Dados gerais - Finance for all\" title=\"Dados Gerais  - Finance for all\" \/><\/a><\/div><\/div><div class=\"vc_item\"><div class=\"vc_inner\"><a class=\"prettyphoto\" href=\"\/wp-content\/uploads\/2021\/12\/DR-Mensal-1024x474.png\" data-rel=\"prettyPhoto[rel-15580-2172672532]\"><img loading=\"lazy\" decoding=\"async\" class=\"\" src=\"\/wp-content\/uploads\/2021\/12\/DR-Mensal-570x270.png\" width=\"570\" height=\"270\" alt=\"DR Mensal - Finance for all\" title=\"DR Mensal - Finance for all\" \/><\/a><\/div><\/div><div class=\"vc_item\"><div class=\"vc_inner\"><a class=\"prettyphoto\" href=\"\/wp-content\/uploads\/2021\/12\/Balanco-1024x474.png\" data-rel=\"prettyPhoto[rel-15580-2172672532]\"><img loading=\"lazy\" decoding=\"async\" class=\"\" src=\"\/wp-content\/uploads\/2021\/12\/Balanco-570x270.png\" width=\"570\" height=\"270\" alt=\"Balan\u00e7o - Finance for all\" title=\"Balan\u00e7o - Finance for all\" \/><\/a><\/div><\/div><\/div><\/div><\/div><a class=\"vc_left vc_carousel-control\" href=\"#vc_images-carousel-1-1777217239\" data-slide=\"prev\"><span class=\"icon-prev\"><\/span><\/a><a class=\"vc_right vc_carousel-control\" href=\"#vc_images-carousel-1-1777217239\" data-slide=\"next\"><span class=\"icon-next\"><\/span><\/a><\/div><\/div><\/div><\/div><\/div><\/div><\/div><div  class=\"vc_row wpb_row vc_row-fluid\"><div class=\"wpb_column vc_column_container vc_col-sm-12\"><div class=\"vc_column-inner\"><div class=\"wpb_wrapper\"><div  class =\"integrio_module_spacing\"><div class=\"spacing_size spacing_size-initial\" style=\"height:60px;\"><\/div><\/div>  \n<\/div><\/div><\/div><\/div><div  class=\"vc_row wpb_row vc_row-fluid\"><div class=\"wpb_column vc_column_container vc_col-sm-12\"><div class=\"vc_column-inner\"><div class=\"wpb_wrapper\"><div  class =\"integrio_module_spacing\"><div class=\"spacing_size spacing_size-initial\" style=\"height:30px;\"><\/div><\/div>  \n<div id=\"integrio_dbl_69ee2ed7d3eea\" class=\"integrio_module_double_headings acenter\"><div class=\"heading_title\"  style=\"font-size:42px; line-height:1.238; color:#707070; \"><h3>Advantages<\/h3><\/div><\/div>  \n<div  class =\"integrio_module_spacing\"><div class=\"spacing_size spacing_size-initial\" style=\"height:30px;\"><\/div><\/div>  \n<\/div><\/div><\/div><\/div><div  class=\"vc_row wpb_row vc_row-fluid vc_row-o-content-middle vc_row-flex\"><div class=\"wpb_column vc_column_container vc_col-sm-4\"><div class=\"vc_column-inner\"><div class=\"wpb_wrapper\"><div class=\"integrio_module_services_4 services_center\" ><div class=\"services_wrapper\"><div class=\"services_icon-wrap\"><i class=\"services_icon flaticon-code\"  style=\"font-size:45px; color:#1884a5;\"><\/i><\/div><h4 class=\"services_title\"  style=\"color:#000000; \">Detailed financial analysis<\/h4><div class=\"services_content-wrap\"><div class=\"services_content\" >detailed exploration on financial items, and traceability features at the accounting level.<\/div><\/div><\/div><\/div><div  class =\"integrio_module_spacing\"><div class=\"spacing_size spacing_size-initial\" style=\"height:30px;\"><\/div><\/div>  \n<\/div><\/div><\/div><div class=\"wpb_column vc_column_container vc_col-sm-4\"><div class=\"vc_column-inner\"><div class=\"wpb_wrapper\"><div class=\"integrio_module_services_4 services_center\" ><div class=\"services_wrapper\"><div class=\"services_icon-wrap\"><i class=\"services_icon flaticon-code\"  style=\"font-size:45px; color:#1884a5;\"><\/i><\/div><h4 class=\"services_title\"  style=\"color:#232323; \">Quick view on financial position<\/h4><div class=\"services_content-wrap\"><div class=\"services_content\" >related to customers and suppliers, as well as return on investments.<\/div><\/div><\/div><\/div><div  class =\"integrio_module_spacing\"><div class=\"spacing_size spacing_size-initial\" style=\"height:30px;\"><\/div><\/div>  \n<\/div><\/div><\/div><div class=\"wpb_column vc_column_container vc_col-sm-4\"><div class=\"vc_column-inner\"><div class=\"wpb_wrapper\"><div class=\"integrio_module_services_4 services_center\" ><div class=\"services_wrapper\"><div class=\"services_icon-wrap\"><i class=\"services_icon flaticon-laptop\"  style=\"color:#1884a5;\"><\/i><\/div><h4 class=\"services_title\"  style=\"color:#232323; \">Agile report reconfiguration<\/h4><div class=\"services_content-wrap\"><div class=\"services_content\" >ability to easily adapt to different business scopes and hierarchies.<\/div><\/div><\/div><\/div><div  class =\"integrio_module_spacing\"><div class=\"spacing_size spacing_size-initial\" style=\"height:30px;\"><\/div><\/div>  \n<\/div><\/div><\/div><\/div><div  class=\"vc_row wpb_row vc_row-fluid vc_row-o-content-middle vc_row-flex\"><div class=\"wpb_column vc_column_container vc_col-sm-6\"><div class=\"vc_column-inner\"><div class=\"wpb_wrapper\"><div class=\"integrio_module_services_4 services_center\" ><div class=\"services_wrapper\"><div class=\"services_icon-wrap\"><i class=\"services_icon flaticon-nut\"  style=\"font-size:45px; color:#1884a5;\"><\/i><\/div><h4 class=\"services_title\"  style=\"color:#232323; \">Improved planning and budgeting<\/h4><div class=\"services_content-wrap\"><div class=\"services_content\" >forecast optimization and consolidation of all data.<\/div><\/div><\/div><\/div><div  class =\"integrio_module_spacing\"><div class=\"spacing_size spacing_size-initial\" style=\"height:30px;\"><\/div><\/div>  \n<\/div><\/div><\/div><div class=\"wpb_column vc_column_container vc_col-sm-6\"><div class=\"vc_column-inner\"><div class=\"wpb_wrapper\"><div class=\"integrio_module_services_4 services_center\" ><div class=\"services_wrapper\"><div class=\"services_icon-wrap\"><i class=\"services_icon flaticon-nut\"  style=\"font-size:45px; color:#1884a5;\"><\/i><\/div><h4 class=\"services_title\"  style=\"color:#232323; \">Easy connectivity<\/h4><div class=\"services_content-wrap\"><div class=\"services_content\" >for common market ERP solutions.<\/div><\/div><\/div><\/div><div  class =\"integrio_module_spacing\"><div class=\"spacing_size spacing_size-initial\" style=\"height:30px;\"><\/div><\/div>  \n<\/div><\/div><\/div><\/div><div  class=\"vc_row wpb_row vc_row-fluid\"><div class=\"wpb_column vc_column_container vc_col-sm-12\"><div class=\"vc_column-inner\"><div class=\"wpb_wrapper\"><div  class =\"integrio_module_spacing\"><div class=\"spacing_size spacing_size-initial\" style=\"height:60px;\"><\/div><\/div>  \n<\/div><\/div><\/div><\/div><div  class=\"vc_row wpb_row vc_row-fluid\"><div class=\"wpb_column vc_column_container vc_col-sm-1\"><div class=\"vc_column-inner\"><div class=\"wpb_wrapper\"><\/div><\/div><\/div><div class=\"wpb_column vc_column_container vc_col-sm-4\"><div class=\"vc_column-inner\"><div class=\"wpb_wrapper\"><div  class =\"integrio_module_spacing\"><div class=\"spacing_size spacing_size-initial\" style=\"height:30px;\"><\/div><\/div>  \n\n\t<div  class=\"wpb_single_image wpb_content_element vc_align_center\">\n\t\t\n\t\t<figure class=\"wpb_wrapper vc_figure\">\n\t\t\t<div class=\"vc_single_image-wrapper   vc_box_border_grey\"><img loading=\"lazy\" decoding=\"async\" width=\"1182\" height=\"827\" src=\"\/wp-content\/uploads\/2022\/01\/finance-for-all.jpg\" class=\"vc_single_image-img attachment-full\" alt=\"finance-for-all\" srcset=\"\/wp-content\/uploads\/2022\/01\/finance-for-all.jpg 1182w, \/wp-content\/uploads\/2022\/01\/finance-for-all-300x210.jpg 300w, \/wp-content\/uploads\/2022\/01\/finance-for-all-1024x716.jpg 1024w, \/wp-content\/uploads\/2022\/01\/finance-for-all-768x537.jpg 768w, \/wp-content\/uploads\/2022\/01\/finance-for-all-18x12.jpg 18w\" sizes=\"(max-width: 1182px) 100vw, 1182px\" \/><\/div>\n\t\t<\/figure>\n\t<\/div>\n<div  class =\"integrio_module_spacing\"><div class=\"spacing_size spacing_size-initial\" style=\"height:60px;\"><\/div><\/div>  \n<\/div><\/div><\/div><div class=\"wpb_column vc_column_container vc_col-sm-1\"><div class=\"vc_column-inner\"><div class=\"wpb_wrapper\"><\/div><\/div><\/div><div class=\"wpb_column vc_column_container vc_col-sm-5\"><div class=\"vc_column-inner\"><div class=\"wpb_wrapper\"><div  class =\"integrio_module_spacing\"><div class=\"spacing_size spacing_size-initial\" style=\"height:30px;\"><\/div><\/div>  \n\n\t<div class=\"wpb_text_column wpb_content_element\" >\n\t\t<div class=\"wpb_wrapper\">\n\t\t\t<p style=\"text-align: center;\" class=\"translation-block\">Data is structured and presented without manual intervention, reducing human error and improving compliance. Tables, graphs and financial key performance indicators, are created without the need to consume resources, freeing them for value-added tasks.<\/p>\n<p style=\"text-align: center;\"><em>More time for data analysis and to improve processes.<\/em><\/p>\n<p style=\"text-align: center;\">Patr\u00edcia Santos, Senior Consultant, all@work<\/p>\n\n\t\t<\/div>\n\t<\/div>\n<div  class =\"integrio_module_spacing\"><div class=\"spacing_size spacing_size-initial\" style=\"height:60px;\"><\/div><\/div>  \n<\/div><\/div><\/div><\/div><div  class=\"vc_row wpb_row vc_row-fluid\"><div class=\"wpb_column vc_column_container vc_col-sm-12\"><div class=\"vc_column-inner\"><div class=\"wpb_wrapper\"><div  class =\"integrio_module_spacing\"><div class=\"spacing_size spacing_size-initial\" style=\"height:30px;\"><\/div><\/div>  \n<div id=\"integrio_dbl_69ee2ed804a44\" class=\"integrio_module_double_headings acenter\"><div class=\"heading_title\"  style=\"font-size:30px; line-height:1.733; color:#1884a5; \"><h2>Demo<\/h2><\/div><\/div>  \n<div  class =\"integrio_module_spacing\"><div class=\"spacing_size spacing_size-initial\" style=\"height:30px;\"><\/div><\/div>  \n\n\t<div class=\"wpb_text_column wpb_content_element\" >\n\t\t<div class=\"wpb_wrapper\">\n\t\t\t<p>Discover how financial analysis can become a new experience. Watch this demo and get to know, in detail, the Finance for All application.<\/p>\n\n\t\t<\/div>\n\t<\/div>\n<div  class =\"integrio_module_spacing\"><div class=\"spacing_size spacing_size-initial\" style=\"height:40px;\"><\/div><\/div>  \n\n\t<div class=\"wpb_video_widget wpb_content_element vc_clearfix   vc_video-aspect-ratio-169 vc_video-el-width-50 vc_video-align-center\" >\n\t\t<div class=\"wpb_wrapper\">\n\t\t\t\n\t\t\t<div class=\"wpb_video_wrapper\"><iframe loading=\"lazy\" title=\"Finance for All\" width=\"500\" height=\"281\" src=\"https:\/\/www.youtube.com\/embed\/KFuI7a9oRG4?feature=oembed\" frameborder=\"0\" allow=\"accelerometer; autoplay; clipboard-write; encrypted-media; gyroscope; picture-in-picture; web-share\" referrerpolicy=\"strict-origin-when-cross-origin\" allowfullscreen><\/iframe><\/div>\n\t\t<\/div>\n\t<\/div>\n<div  class =\"integrio_module_spacing\"><div class=\"spacing_size spacing_size-initial\" style=\"height:40px;\"><\/div><\/div>  \n<\/div><\/div><\/div><\/div><div  class=\"vc_row wpb_row vc_row-fluid\"><div class=\"wpb_column vc_column_container vc_col-sm-6\"><div class=\"vc_column-inner\"><div class=\"wpb_wrapper\"><div  class =\"integrio_module_spacing\"><div class=\"spacing_size spacing_size-initial\" style=\"height:30px;\"><\/div><\/div>  \n<div id=\"integrio_button_69ee2ed815cfc\" class=\"integrio_module_button wgl_button wgl_button-l wgl_button-icon_right btn-gradient acenter\"><a class=\"wgl_button_link\" href=\"https:\/\/www.f5tci.com\/wp-content\/uploads\/2024\/02\/Flyer_F4_All_EVC.pdf\" title='Finance for all'>Download Flyer<i class=\"wgl_button-icon flaticon-exam\" ><\/i><span class=\"btn_border_gradient\"><\/span><\/a><\/div>\n<div  class =\"integrio_module_spacing\"><div class=\"spacing_size spacing_size-initial\" style=\"height:30px;\"><\/div><\/div>  \n<\/div><\/div><\/div><div class=\"wpb_column vc_column_container vc_col-sm-6\"><div class=\"vc_column-inner\"><div class=\"wpb_wrapper\"><div  class =\"integrio_module_spacing\"><div class=\"spacing_size spacing_size-initial\" style=\"height:30px;\"><\/div><\/div>  \n<div id=\"integrio_button_69ee2ed815fdc\" class=\"integrio_module_button wgl_button wgl_button-l wgl_button-icon_right btn-gradient acenter\"><a class=\"wgl_button_link\" href=\"https:\/\/www.f5tci.com\/en\/contacts\/\" title='Contacts'>Contact Us<i class=\"wgl_button-icon flaticon-right-arrow\" ><\/i><span class=\"btn_border_gradient\"><\/span><\/a><\/div>\n<div  class =\"integrio_module_spacing\"><div class=\"spacing_size spacing_size-initial\" style=\"height:30px;\"><\/div><\/div>  \n<\/div><\/div><\/div><\/div>","protected":false},"excerpt":{"rendered":"FINANCE FOR ALL A cria\u00e7\u00e3o da aplica\u00e7\u00e3o financeira nasceu da partilha de conhecimentos entre a F5tci e a empresa parceira all@work, com o objetivo de responder aos problemas e desafios expressos pelos profissionais desta fun\u00e7\u00e3o. Constru\u00edda sobre a plataforma Qlik Sense, esta aplica\u00e7\u00e3o financeira permite uma maior agiliza\u00e7\u00e3o de processos e oferece democratiza\u00e7\u00e3o da informa\u00e7\u00e3o [...]","protected":false},"author":2,"featured_media":0,"parent":0,"menu_order":0,"comment_status":"closed","ping_status":"closed","template":"","meta":{"footnotes":""},"class_list":["post-15580","page","type-page","status-publish","hentry"],"yoast_head":"<!-- This site is optimized with the Yoast SEO plugin v22.0 - https:\/\/yoast.com\/wordpress\/plugins\/seo\/ -->\n<title>F5tci Finance for all - an\u00e1lise financeira das empresas<\/title>\n<meta name=\"description\" content=\"An\u00e1lise pormenorizada com Qlik: Visualize rapidamente os dados financeiros da sua organiza\u00e7\u00e3o, automatize processos e poupe recursos.\" \/>\n<meta name=\"robots\" content=\"index, follow, max-snippet:-1, max-image-preview:large, max-video-preview:-1\" \/>\n<link rel=\"canonical\" href=\"https:\/\/www.f5tci.com\/en\/analise-financeira\/\" \/>\n<meta property=\"og:locale\" content=\"en_GB\" \/>\n<meta property=\"og:type\" content=\"article\" \/>\n<meta property=\"og:title\" content=\"F5tci Finance for all - an\u00e1lise financeira das empresas\" \/>\n<meta property=\"og:description\" content=\"An\u00e1lise pormenorizada com Qlik: Visualize rapidamente os dados financeiros da sua organiza\u00e7\u00e3o, automatize processos e poupe recursos.\" \/>\n<meta property=\"og:url\" content=\"https:\/\/www.f5tci.com\/en\/analise-financeira\/\" \/>\n<meta property=\"og:site_name\" content=\"F5tci\" \/>\n<meta property=\"article:modified_time\" content=\"2024-02-07T10:58:40+00:00\" \/>\n<meta name=\"twitter:card\" content=\"summary_large_image\" \/>\n<meta name=\"twitter:label1\" content=\"Estimated reading time\" \/>\n\t<meta name=\"twitter:data1\" content=\"2 minutes\" \/>\n<script type=\"application\/ld+json\" class=\"yoast-schema-graph\">{\"@context\":\"https:\/\/schema.org\",\"@graph\":[{\"@type\":\"WebPage\",\"@id\":\"https:\/\/www.f5tci.com\/en\/analise-financeira\/\",\"url\":\"https:\/\/www.f5tci.com\/en\/analise-financeira\/\",\"name\":\"F5tci Finance for all - an\u00e1lise financeira das empresas\",\"isPartOf\":{\"@id\":\"https:\/\/www.f5tci.com\/#website\"},\"datePublished\":\"2020-12-08T14:48:09+00:00\",\"dateModified\":\"2024-02-07T10:58:40+00:00\",\"description\":\"An\u00e1lise pormenorizada com Qlik: Visualize rapidamente os dados financeiros da sua organiza\u00e7\u00e3o, automatize processos e poupe recursos.\",\"breadcrumb\":{\"@id\":\"https:\/\/www.f5tci.com\/en\/analise-financeira\/#breadcrumb\"},\"inLanguage\":\"en-GB\",\"potentialAction\":[{\"@type\":\"ReadAction\",\"target\":[\"https:\/\/www.f5tci.com\/en\/analise-financeira\/\"]}]},{\"@type\":\"BreadcrumbList\",\"@id\":\"https:\/\/www.f5tci.com\/en\/analise-financeira\/#breadcrumb\",\"itemListElement\":[{\"@type\":\"ListItem\",\"position\":1,\"name\":\"In\u00edcio\",\"item\":\"https:\/\/www.f5tci.com\/\"},{\"@type\":\"ListItem\",\"position\":2,\"name\":\"Finance for all\"}]},{\"@type\":\"WebSite\",\"@id\":\"https:\/\/www.f5tci.com\/#website\",\"url\":\"https:\/\/www.f5tci.com\/\",\"name\":\"F5tci\",\"description\":\"Information For All\",\"publisher\":{\"@id\":\"https:\/\/www.f5tci.com\/#organization\"},\"potentialAction\":[{\"@type\":\"SearchAction\",\"target\":{\"@type\":\"EntryPoint\",\"urlTemplate\":\"https:\/\/www.f5tci.com\/?s={search_term_string}\"},\"query-input\":\"required name=search_term_string\"}],\"inLanguage\":\"en-GB\"},{\"@type\":\"Organization\",\"@id\":\"https:\/\/www.f5tci.com\/#organization\",\"name\":\"F5tci\",\"url\":\"https:\/\/www.f5tci.com\/\",\"logo\":{\"@type\":\"ImageObject\",\"inLanguage\":\"en-GB\",\"@id\":\"https:\/\/www.f5tci.com\/#\/schema\/logo\/image\/\",\"url\":\"https:\/\/www.f5tci.com\/wp-content\/uploads\/2021\/02\/20-anos-f5tci.png\",\"contentUrl\":\"https:\/\/www.f5tci.com\/wp-content\/uploads\/2021\/02\/20-anos-f5tci.png\",\"width\":2347,\"height\":472,\"caption\":\"F5tci\"},\"image\":{\"@id\":\"https:\/\/www.f5tci.com\/#\/schema\/logo\/image\/\"},\"sameAs\":[\"https:\/\/www.linkedin.com\/company\/f5---tecnologias-de-comunica\u00e7\u00e3o-e-informa\u00e7\u00e3o-lda\/\"]}]}<\/script>\n<!-- \/ Yoast SEO plugin. -->","yoast_head_json":{"title":"F5tci Finance for all - an\u00e1lise financeira das empresas","description":"An\u00e1lise pormenorizada com Qlik: Visualize rapidamente os dados financeiros da sua organiza\u00e7\u00e3o, automatize processos e poupe recursos.","robots":{"index":"index","follow":"follow","max-snippet":"max-snippet:-1","max-image-preview":"max-image-preview:large","max-video-preview":"max-video-preview:-1"},"canonical":"https:\/\/www.f5tci.com\/en\/analise-financeira\/","og_locale":"en_GB","og_type":"article","og_title":"F5tci Finance for all - an\u00e1lise financeira das empresas","og_description":"An\u00e1lise pormenorizada com Qlik: Visualize rapidamente os dados financeiros da sua organiza\u00e7\u00e3o, automatize processos e poupe recursos.","og_url":"https:\/\/www.f5tci.com\/en\/analise-financeira\/","og_site_name":"F5tci","article_modified_time":"2024-02-07T10:58:40+00:00","twitter_card":"summary_large_image","twitter_misc":{"Estimated reading time":"2 minutes"},"schema":{"@context":"https:\/\/schema.org","@graph":[{"@type":"WebPage","@id":"https:\/\/www.f5tci.com\/en\/analise-financeira\/","url":"https:\/\/www.f5tci.com\/en\/analise-financeira\/","name":"F5tci Finance for all - an\u00e1lise financeira das empresas","isPartOf":{"@id":"https:\/\/www.f5tci.com\/#website"},"datePublished":"2020-12-08T14:48:09+00:00","dateModified":"2024-02-07T10:58:40+00:00","description":"An\u00e1lise pormenorizada com Qlik: Visualize rapidamente os dados financeiros da sua organiza\u00e7\u00e3o, automatize processos e poupe recursos.","breadcrumb":{"@id":"https:\/\/www.f5tci.com\/en\/analise-financeira\/#breadcrumb"},"inLanguage":"en-GB","potentialAction":[{"@type":"ReadAction","target":["https:\/\/www.f5tci.com\/en\/analise-financeira\/"]}]},{"@type":"BreadcrumbList","@id":"https:\/\/www.f5tci.com\/en\/analise-financeira\/#breadcrumb","itemListElement":[{"@type":"ListItem","position":1,"name":"In\u00edcio","item":"https:\/\/www.f5tci.com\/"},{"@type":"ListItem","position":2,"name":"Finance for all"}]},{"@type":"WebSite","@id":"https:\/\/www.f5tci.com\/#website","url":"https:\/\/www.f5tci.com\/","name":"F5tci","description":"Information For All","publisher":{"@id":"https:\/\/www.f5tci.com\/#organization"},"potentialAction":[{"@type":"SearchAction","target":{"@type":"EntryPoint","urlTemplate":"https:\/\/www.f5tci.com\/?s={search_term_string}"},"query-input":"required name=search_term_string"}],"inLanguage":"en-GB"},{"@type":"Organization","@id":"https:\/\/www.f5tci.com\/#organization","name":"F5tci","url":"https:\/\/www.f5tci.com\/","logo":{"@type":"ImageObject","inLanguage":"en-GB","@id":"https:\/\/www.f5tci.com\/#\/schema\/logo\/image\/","url":"https:\/\/www.f5tci.com\/wp-content\/uploads\/2021\/02\/20-anos-f5tci.png","contentUrl":"https:\/\/www.f5tci.com\/wp-content\/uploads\/2021\/02\/20-anos-f5tci.png","width":2347,"height":472,"caption":"F5tci"},"image":{"@id":"https:\/\/www.f5tci.com\/#\/schema\/logo\/image\/"},"sameAs":["https:\/\/www.linkedin.com\/company\/f5---tecnologias-de-comunica\u00e7\u00e3o-e-informa\u00e7\u00e3o-lda\/"]}]}},"_links":{"self":[{"href":"https:\/\/www.f5tci.com\/en\/wp-json\/wp\/v2\/pages\/15580"}],"collection":[{"href":"https:\/\/www.f5tci.com\/en\/wp-json\/wp\/v2\/pages"}],"about":[{"href":"https:\/\/www.f5tci.com\/en\/wp-json\/wp\/v2\/types\/page"}],"author":[{"embeddable":true,"href":"https:\/\/www.f5tci.com\/en\/wp-json\/wp\/v2\/users\/2"}],"replies":[{"embeddable":true,"href":"https:\/\/www.f5tci.com\/en\/wp-json\/wp\/v2\/comments?post=15580"}],"version-history":[{"count":0,"href":"https:\/\/www.f5tci.com\/en\/wp-json\/wp\/v2\/pages\/15580\/revisions"}],"wp:attachment":[{"href":"https:\/\/www.f5tci.com\/en\/wp-json\/wp\/v2\/media?parent=15580"}],"curies":[{"name":"wp","href":"https:\/\/api.w.org\/{rel}","templated":true}]}}