{"id":15814,"date":"2020-12-15T11:57:52","date_gmt":"2020-12-15T11:57:52","guid":{"rendered":"https:\/\/www.f5tci.com\/?page_id=15814"},"modified":"2022-01-06T16:55:15","modified_gmt":"2022-01-06T16:55:15","slug":"software-engineering","status":"publish","type":"page","link":"https:\/\/www.f5tci.com\/en\/software-engineering\/","title":{"rendered":"Software Engineering"},"content":{"rendered":"<div  class=\"vc_row wpb_row vc_row-fluid\"><div class=\"wpb_column vc_column_container vc_col-sm-12\"><div class=\"vc_column-inner\"><div class=\"wpb_wrapper\"><div  class =\"integrio_module_spacing\"><div class=\"spacing_size spacing_size-initial\" style=\"height:70px;\"><\/div><\/div>  \n<\/div><\/div><\/div><\/div><div  class=\"vc_row wpb_row vc_row-fluid\"><div class=\"wpb_column vc_column_container vc_col-sm-12\"><div class=\"vc_column-inner vc_custom_1606230224469\"><div class=\"wpb_wrapper\"><div id=\"integrio_dbl_69ee2d8395863\" class=\"integrio_module_double_headings acenter\"><div class=\"heading_title\"  style=\"font-size:42px; line-height:1.238; color:#1884a5; \"><div>Software, tailored to your needs<\/div><\/div><\/div>  \n<div  class =\"integrio_module_spacing\"><div class=\"spacing_size spacing_size-initial\" style=\"height:30px;\"><\/div><\/div>  \n\n\t<div class=\"wpb_text_column wpb_content_element\" >\n\t\t<div class=\"wpb_wrapper\">\n\t\t\t<p style=\"text-align: center;\"><span>We always try to create a customized solution that meets the specific needs of each business and each specific customer.<\/span><\/p>\n\n\t\t<\/div>\n\t<\/div>\n<div  class =\"integrio_module_spacing\"><div class=\"spacing_size spacing_size-initial\" style=\"height:20px;\"><\/div><\/div>  \n\n\t<div class=\"wpb_text_column wpb_content_element\" >\n\t\t<div class=\"wpb_wrapper\">\n\t\t\t<p style=\"text-align: center;\" class=\"translation-block\">Over the years, we improved our team\u2019s integration into our customers\u2019 environment, in different types of organizations, and our experience allows us to identify problems and turn ideas into solutions.<\/p>\n\n\t\t<\/div>\n\t<\/div>\n<\/div><\/div><\/div><\/div><div  data-vc-full-width=\"true\" data-vc-full-width-init=\"false\" class=\"vc_row wpb_row vc_row-fluid vc_custom_1612277315840 vc_row-has-fill\"><div class=\"wpb_column vc_column_container vc_col-sm-12\"><div class=\"vc_column-inner\"><div class=\"wpb_wrapper\"><div class=\"vc_row wpb_row vc_inner vc_row-fluid vc_custom_1609430047358 vc_row-has-fill\"><div class=\"wpb_column vc_column_container vc_col-sm-12\"><div class=\"vc_column-inner\"><div class=\"wpb_wrapper\"><div id=\"integrio_dbl_69ee2d8395f2c\" class=\"integrio_module_double_headings acenter\"><div class=\"heading_title\"  style=\"font-size:30px; line-height:1.733; color:#586c79; \"><div class=\"heading_title_tablet\" style=\"font-size:38px;\"><div class=\"heading_title_mobile\" style=\"font-size:34px;\"><h2>We provide services for all the stages of your software development cycle.<\/h2><\/div><\/div><\/div><\/div>  \n<\/div><\/div><\/div><\/div><div  class =\"integrio_module_spacing\"><div class=\"spacing_size spacing_size-initial\" style=\"height:14px;\"><\/div><\/div>  \n<div class=\"vc_row wpb_row vc_inner vc_row-fluid vc_custom_1608653960422 vc_column-gap-20\"><div class=\"wpb_column vc_column_container vc_col-sm-4\"><div class=\"vc_column-inner\"><div class=\"wpb_wrapper\"><div  class =\"integrio_module_spacing\"><div class=\"spacing_size spacing_size-initial\" style=\"height:30px;\"><\/div><\/div>  \n<div  class=\"integrio_module_services_3\"><div class=\"services_wrapper\"><div class=\"services_icon_wrapper\"><i class=\"services_icon flaticon-analysis\" ><\/i><\/div><div class=\"services_content\"><h3 class=\"services_title\" >Analysis and design<\/h3><\/div><\/div><\/div><div  class =\"integrio_module_spacing\"><div class=\"spacing_size spacing_size-initial\" style=\"height:30px;\"><\/div><\/div>  \n<div  class=\"integrio_module_services_3\"><div class=\"services_wrapper\"><div class=\"services_icon_wrapper\"><i class=\"services_icon flaticon-file\" ><\/i><\/div><div class=\"services_content\"><h3 class=\"services_title\" >Development<\/h3><\/div><\/div><\/div><div  class =\"integrio_module_spacing\"><div class=\"spacing_size spacing_size-initial\" style=\"height:30px;\"><\/div><\/div>  \n<\/div><\/div><\/div><div class=\"wpb_column vc_column_container vc_col-sm-4\"><div class=\"vc_column-inner\"><div class=\"wpb_wrapper\"><div  class =\"integrio_module_spacing\"><div class=\"spacing_size spacing_size-initial\" style=\"height:30px;\"><\/div><\/div>  \n<div  class=\"integrio_module_services_3\"><div class=\"services_wrapper\"><div class=\"services_icon_wrapper\"><i class=\"services_icon flaticon-file\" ><\/i><\/div><div class=\"services_content\"><h3 class=\"services_title\" >Quality tests<\/h3><\/div><\/div><\/div><div  class =\"integrio_module_spacing\"><div class=\"spacing_size spacing_size-initial\" style=\"height:30px;\"><\/div><\/div>  \n<div  class=\"integrio_module_services_3\"><div class=\"services_wrapper\"><div class=\"services_icon_wrapper\"><i class=\"services_icon flaticon-resources\" ><\/i><\/div><div class=\"services_content\"><h3 class=\"services_title\" >Improvements<\/h3><\/div><\/div><\/div><div  class =\"integrio_module_spacing\"><div class=\"spacing_size spacing_size-initial\" style=\"height:30px;\"><\/div><\/div>  \n<\/div><\/div><\/div><div class=\"wpb_column vc_column_container vc_col-sm-4\"><div class=\"vc_column-inner\"><div class=\"wpb_wrapper\"><div  class =\"integrio_module_spacing\"><div class=\"spacing_size spacing_size-initial\" style=\"height:30px;\"><\/div><\/div>  \n<div  class=\"integrio_module_services_3\"><div class=\"services_wrapper\"><div class=\"services_icon_wrapper\"><i class=\"services_icon flaticon-support\" ><\/i><\/div><div class=\"services_content\"><h3 class=\"services_title\" >Support<\/h3><\/div><\/div><\/div><div  class =\"integrio_module_spacing\"><div class=\"spacing_size spacing_size-initial\" style=\"height:30px;\"><\/div><\/div>  \n<div  class=\"integrio_module_services_3\"><div class=\"services_wrapper\"><div class=\"services_icon_wrapper\"><i class=\"services_icon flaticon-comment\" ><\/i><\/div><div class=\"services_content\"><h3 class=\"services_title\" >Follow up<\/h3><\/div><\/div><\/div><div  class =\"integrio_module_spacing\"><div class=\"spacing_size spacing_size-initial\" style=\"height:30px;\"><\/div><\/div>  \n<\/div><\/div><\/div><\/div><\/div><\/div><\/div><\/div><div class=\"vc_row-full-width vc_clearfix\"><\/div><div  class=\"vc_row wpb_row vc_row-fluid\"><div class=\"wpb_column vc_column_container vc_col-sm-12\"><div class=\"vc_column-inner\"><div class=\"wpb_wrapper\"><div id=\"integrio_dbl_69ee2d839851f\" class=\"integrio_module_double_headings acenter\"><div class=\"heading_title\"  style=\"font-size:30px; line-height:1.733; color:#586c79; \"><h5>Advantages of having a customized solution<\/h5><\/div><\/div>  \n<div  class =\"integrio_module_spacing\"><div class=\"spacing_size spacing_size-initial\" style=\"height:30px;\"><\/div><\/div>  \n<\/div><\/div><\/div><\/div><div  class=\"vc_row wpb_row vc_row-fluid\"><div class=\"wpb_column vc_column_container vc_col-sm-3\"><div class=\"vc_column-inner\"><div class=\"wpb_wrapper\"><div  class =\"integrio_module_spacing\"><div class=\"spacing_size spacing_size-initial\" style=\"height:60px;\"><\/div><\/div>  \n<div class=\"integrio_module_services_4 services_left\"  style=\"padding-top: 15px;\"><div class=\"services_wrapper\"><div class=\"services_icon-wrap\"><i class=\"services_icon flaticon-share\"  style=\"font-size:35px; color:#1884a5;\"><\/i><\/div><div class=\"services_subtitle\">Agility to meet specific needs<\/div><div class=\"services_content-wrap\"><\/div><\/div><\/div><div  class =\"integrio_module_spacing\"><div class=\"spacing_size spacing_size-initial\" style=\"height:60px;\"><\/div><\/div>  \n<\/div><\/div><\/div><div class=\"wpb_column vc_column_container vc_col-sm-3\"><div class=\"vc_column-inner\"><div class=\"wpb_wrapper\"><div  class =\"integrio_module_spacing\"><div class=\"spacing_size spacing_size-initial\" style=\"height:60px;\"><\/div><\/div>  \n<div class=\"integrio_module_services_4 services_left\"  style=\"padding-top: 15px;\"><div class=\"services_wrapper\"><div class=\"services_icon-wrap\"><i class=\"services_icon flaticon-money\"  style=\"font-size:35px; color:#1884a5;\"><\/i><\/div><div class=\"services_subtitle\">Gradual investment, according to the company\u2019s needs<\/div><div class=\"services_content-wrap\"><\/div><\/div><\/div><div  class =\"integrio_module_spacing\"><div class=\"spacing_size spacing_size-initial\" style=\"height:60px;\"><\/div><\/div>  \n<\/div><\/div><\/div><div class=\"wpb_column vc_column_container vc_col-sm-3\"><div class=\"vc_column-inner\"><div class=\"wpb_wrapper\"><div  class =\"integrio_module_spacing\"><div class=\"spacing_size spacing_size-initial\" style=\"height:60px;\"><\/div><\/div>  \n<div class=\"integrio_module_services_4 services_left\"  style=\"padding-top: 15px;\"><div class=\"services_wrapper\"><div class=\"services_icon-wrap\"><i class=\"services_icon flaticon-expand\"  style=\"font-size:35px; color:#1884a5;\"><\/i><\/div><div class=\"services_subtitle\">Easy integration with other business solutions<\/div><div class=\"services_content-wrap\"><\/div><\/div><\/div><div  class =\"integrio_module_spacing\"><div class=\"spacing_size spacing_size-initial\" style=\"height:60px;\"><\/div><\/div>  \n<\/div><\/div><\/div><div class=\"wpb_column vc_column_container vc_col-sm-3\"><div class=\"vc_column-inner\"><div class=\"wpb_wrapper\"><div  class =\"integrio_module_spacing\"><div class=\"spacing_size spacing_size-initial\" style=\"height:60px;\"><\/div><\/div>  \n<div class=\"integrio_module_services_4 services_left\"  style=\"padding-top: 15px;\"><div class=\"services_wrapper\"><div class=\"services_icon-wrap\"><i class=\"services_icon flaticon-wireframe\"  style=\"font-size:35px; color:#1884a5;\"><\/i><\/div><div class=\"services_subtitle\">Evolution according to the company\u2019s needs<\/div><div class=\"services_content-wrap\"><\/div><\/div><\/div><div  class =\"integrio_module_spacing\"><div class=\"spacing_size spacing_size-initial\" style=\"height:60px;\"><\/div><\/div>  \n<\/div><\/div><\/div><\/div><div  class=\"vc_row wpb_row vc_row-fluid\"><div class=\"wpb_column vc_column_container vc_col-sm-12\"><div class=\"vc_column-inner\"><div class=\"wpb_wrapper\"><div  class =\"integrio_module_spacing\"><div class=\"spacing_size spacing_size-initial\" style=\"height:30px;\"><\/div><\/div>  \n<div id=\"integrio_button_69ee2d83a4ba6\" class=\"integrio_module_button wgl_button wgl_button-l wgl_button-icon_right btn-gradient acenter\"><a class=\"wgl_button_link\" href=\"https:\/\/www.f5tci.com\/en\/contacts\/\" title='Contact Us'>Contact Us<i class=\"wgl_button-icon flaticon-right-arrow\" ><\/i><span class=\"btn_border_gradient\"><\/span><\/a><\/div>\n<div  class =\"integrio_module_spacing\"><div class=\"spacing_size spacing_size-initial\" style=\"height:30px;\"><\/div><\/div>  \n<\/div><\/div><\/div><\/div><div  class=\"vc_row wpb_row vc_row-fluid\"><div class=\"wpb_column vc_column_container vc_col-sm-12\"><div class=\"vc_column-inner\"><div class=\"wpb_wrapper\"><\/div><\/div><\/div><\/div>","protected":false},"excerpt":{"rendered":"Software \u00e0 medida das suas necessidades Na F5tci procuramos sempre criar, em conjunto com o cliente, uma solu\u00e7\u00e3o personalizada que d\u00ea resposta \u00e0s necessidades espec\u00edficas de cada neg\u00f3cio. Ao longo dos anos, temos aperfei\u00e7oado a integra\u00e7\u00e3o das nossas equipas no ambiente dos nossos clientes em diferentes tipos de organiza\u00e7\u00f5es, e a nossa experi\u00eancia permite-nos identificar [...]","protected":false},"author":2,"featured_media":0,"parent":0,"menu_order":0,"comment_status":"closed","ping_status":"closed","template":"","meta":{"footnotes":""},"class_list":["post-15814","page","type-page","status-publish","hentry"],"yoast_head":"<!-- This site is optimized with the Yoast SEO plugin v22.0 - https:\/\/yoast.com\/wordpress\/plugins\/seo\/ -->\n<title>Software Engineering - F5tci<\/title>\n<meta name=\"robots\" content=\"index, follow, max-snippet:-1, max-image-preview:large, max-video-preview:-1\" \/>\n<link rel=\"canonical\" href=\"https:\/\/f5tci.com\/en\/software-engineering\/\" \/>\n<meta property=\"og:locale\" content=\"en_GB\" \/>\n<meta property=\"og:type\" content=\"article\" \/>\n<meta property=\"og:title\" content=\"Software Engineering - F5tci\" \/>\n<meta property=\"og:url\" content=\"https:\/\/f5tci.com\/en\/software-engineering\/\" \/>\n<meta property=\"og:site_name\" content=\"F5tci\" \/>\n<meta property=\"article:modified_time\" content=\"2022-01-06T16:55:15+00:00\" \/>\n<meta name=\"twitter:card\" content=\"summary_large_image\" \/>\n<meta name=\"twitter:label1\" content=\"Estimated reading time\" \/>\n\t<meta name=\"twitter:data1\" content=\"2 minutes\" \/>\n<script type=\"application\/ld+json\" class=\"yoast-schema-graph\">{\"@context\":\"https:\/\/schema.org\",\"@graph\":[{\"@type\":\"WebPage\",\"@id\":\"https:\/\/f5tci.com\/en\/software-engineering\/\",\"url\":\"https:\/\/f5tci.com\/en\/software-engineering\/\",\"name\":\"Software Engineering - F5tci\",\"isPartOf\":{\"@id\":\"https:\/\/www.f5tci.com\/#website\"},\"datePublished\":\"2020-12-15T11:57:52+00:00\",\"dateModified\":\"2022-01-06T16:55:15+00:00\",\"breadcrumb\":{\"@id\":\"https:\/\/f5tci.com\/en\/software-engineering\/#breadcrumb\"},\"inLanguage\":\"en-GB\",\"potentialAction\":[{\"@type\":\"ReadAction\",\"target\":[\"https:\/\/f5tci.com\/en\/software-engineering\/\"]}]},{\"@type\":\"BreadcrumbList\",\"@id\":\"https:\/\/f5tci.com\/en\/software-engineering\/#breadcrumb\",\"itemListElement\":[{\"@type\":\"ListItem\",\"position\":1,\"name\":\"In\u00edcio\",\"item\":\"https:\/\/www.f5tci.com\/\"},{\"@type\":\"ListItem\",\"position\":2,\"name\":\"Software Engineering\"}]},{\"@type\":\"WebSite\",\"@id\":\"https:\/\/www.f5tci.com\/#website\",\"url\":\"https:\/\/www.f5tci.com\/\",\"name\":\"F5tci\",\"description\":\"Information For All\",\"publisher\":{\"@id\":\"https:\/\/www.f5tci.com\/#organization\"},\"potentialAction\":[{\"@type\":\"SearchAction\",\"target\":{\"@type\":\"EntryPoint\",\"urlTemplate\":\"https:\/\/www.f5tci.com\/?s={search_term_string}\"},\"query-input\":\"required name=search_term_string\"}],\"inLanguage\":\"en-GB\"},{\"@type\":\"Organization\",\"@id\":\"https:\/\/www.f5tci.com\/#organization\",\"name\":\"F5tci\",\"url\":\"https:\/\/www.f5tci.com\/\",\"logo\":{\"@type\":\"ImageObject\",\"inLanguage\":\"en-GB\",\"@id\":\"https:\/\/www.f5tci.com\/#\/schema\/logo\/image\/\",\"url\":\"https:\/\/www.f5tci.com\/wp-content\/uploads\/2021\/02\/20-anos-f5tci.png\",\"contentUrl\":\"https:\/\/www.f5tci.com\/wp-content\/uploads\/2021\/02\/20-anos-f5tci.png\",\"width\":2347,\"height\":472,\"caption\":\"F5tci\"},\"image\":{\"@id\":\"https:\/\/www.f5tci.com\/#\/schema\/logo\/image\/\"},\"sameAs\":[\"https:\/\/www.linkedin.com\/company\/f5---tecnologias-de-comunica\u00e7\u00e3o-e-informa\u00e7\u00e3o-lda\/\"]}]}<\/script>\n<!-- \/ Yoast SEO plugin. -->","yoast_head_json":{"title":"Software Engineering - F5tci","robots":{"index":"index","follow":"follow","max-snippet":"max-snippet:-1","max-image-preview":"max-image-preview:large","max-video-preview":"max-video-preview:-1"},"canonical":"https:\/\/f5tci.com\/en\/software-engineering\/","og_locale":"en_GB","og_type":"article","og_title":"Software Engineering - F5tci","og_url":"https:\/\/f5tci.com\/en\/software-engineering\/","og_site_name":"F5tci","article_modified_time":"2022-01-06T16:55:15+00:00","twitter_card":"summary_large_image","twitter_misc":{"Estimated reading time":"2 minutes"},"schema":{"@context":"https:\/\/schema.org","@graph":[{"@type":"WebPage","@id":"https:\/\/f5tci.com\/en\/software-engineering\/","url":"https:\/\/f5tci.com\/en\/software-engineering\/","name":"Software Engineering - F5tci","isPartOf":{"@id":"https:\/\/www.f5tci.com\/#website"},"datePublished":"2020-12-15T11:57:52+00:00","dateModified":"2022-01-06T16:55:15+00:00","breadcrumb":{"@id":"https:\/\/f5tci.com\/en\/software-engineering\/#breadcrumb"},"inLanguage":"en-GB","potentialAction":[{"@type":"ReadAction","target":["https:\/\/f5tci.com\/en\/software-engineering\/"]}]},{"@type":"BreadcrumbList","@id":"https:\/\/f5tci.com\/en\/software-engineering\/#breadcrumb","itemListElement":[{"@type":"ListItem","position":1,"name":"In\u00edcio","item":"https:\/\/www.f5tci.com\/"},{"@type":"ListItem","position":2,"name":"Software Engineering"}]},{"@type":"WebSite","@id":"https:\/\/www.f5tci.com\/#website","url":"https:\/\/www.f5tci.com\/","name":"F5tci","description":"Information For All","publisher":{"@id":"https:\/\/www.f5tci.com\/#organization"},"potentialAction":[{"@type":"SearchAction","target":{"@type":"EntryPoint","urlTemplate":"https:\/\/www.f5tci.com\/?s={search_term_string}"},"query-input":"required name=search_term_string"}],"inLanguage":"en-GB"},{"@type":"Organization","@id":"https:\/\/www.f5tci.com\/#organization","name":"F5tci","url":"https:\/\/www.f5tci.com\/","logo":{"@type":"ImageObject","inLanguage":"en-GB","@id":"https:\/\/www.f5tci.com\/#\/schema\/logo\/image\/","url":"https:\/\/www.f5tci.com\/wp-content\/uploads\/2021\/02\/20-anos-f5tci.png","contentUrl":"https:\/\/www.f5tci.com\/wp-content\/uploads\/2021\/02\/20-anos-f5tci.png","width":2347,"height":472,"caption":"F5tci"},"image":{"@id":"https:\/\/www.f5tci.com\/#\/schema\/logo\/image\/"},"sameAs":["https:\/\/www.linkedin.com\/company\/f5---tecnologias-de-comunica\u00e7\u00e3o-e-informa\u00e7\u00e3o-lda\/"]}]}},"_links":{"self":[{"href":"https:\/\/www.f5tci.com\/en\/wp-json\/wp\/v2\/pages\/15814"}],"collection":[{"href":"https:\/\/www.f5tci.com\/en\/wp-json\/wp\/v2\/pages"}],"about":[{"href":"https:\/\/www.f5tci.com\/en\/wp-json\/wp\/v2\/types\/page"}],"author":[{"embeddable":true,"href":"https:\/\/www.f5tci.com\/en\/wp-json\/wp\/v2\/users\/2"}],"replies":[{"embeddable":true,"href":"https:\/\/www.f5tci.com\/en\/wp-json\/wp\/v2\/comments?post=15814"}],"version-history":[{"count":0,"href":"https:\/\/www.f5tci.com\/en\/wp-json\/wp\/v2\/pages\/15814\/revisions"}],"wp:attachment":[{"href":"https:\/\/www.f5tci.com\/en\/wp-json\/wp\/v2\/media?parent=15814"}],"curies":[{"name":"wp","href":"https:\/\/api.w.org\/{rel}","templated":true}]}}