{"id":19080,"date":"2025-03-28T16:18:35","date_gmt":"2025-03-28T16:18:35","guid":{"rendered":"https:\/\/www.f5tci.com\/?page_id=19080"},"modified":"2025-04-24T20:37:29","modified_gmt":"2025-04-24T20:37:29","slug":"power-bi-visualizacao-dados","status":"publish","type":"page","link":"https:\/\/www.f5tci.com\/en\/power-bi-visualizacao-dados\/","title":{"rendered":"Power BI"},"content":{"rendered":"<div  class=\"vc_row wpb_row vc_row-fluid\"><div class=\"wpb_column vc_column_container vc_col-sm-12\"><div class=\"vc_column-inner\"><div class=\"wpb_wrapper\"><div  class =\"integrio_module_spacing\"><div class=\"spacing_size spacing_size-initial\" style=\"height:70px;\"><\/div><\/div>  \n<\/div><\/div><\/div><\/div><div  class=\"vc_row wpb_row vc_row-fluid\"><div class=\"wpb_column vc_column_container vc_col-sm-6\"><div class=\"vc_column-inner vc_custom_1606230224469\"><div class=\"wpb_wrapper\"><div id=\"integrio_dbl_69ee608007f82\" class=\"integrio_module_double_headings aleft\"><div class=\"heading_subtitle\" style=\"font-size:14px; line-height:20px; \"><h3>Discover powerful information and turn it into impact!<\/h3><\/div><div class=\"heading_title\"  style=\"font-size:42px; line-height:1.238; color:#1884a5; \"><h2>Power BI | Scalable Self-Service BI<\/h2><\/div><\/div>  \n<div  class =\"integrio_module_spacing\"><div class=\"spacing_size spacing_size-initial\" style=\"height:30px;\"><\/div><\/div>  \n\n\t<div class=\"wpb_text_column wpb_content_element\" >\n\t\t<div class=\"wpb_wrapper\">\n\t\t\t<p>With its intuitive interface, powerful artificial intelligence (AI) resources and fluid integration with various data sources, <strong>Power BI<\/strong> allows information to be transformed into strategic insights. Whether in the cloud or locally, the platform empowers the entire team to explore data interactively, driving a truly data-driven organizational culture.<\/p>\n\n\t\t<\/div>\n\t<\/div>\n<div  class =\"integrio_module_spacing\"><div class=\"spacing_size spacing_size-initial\" style=\"height:70px;\"><\/div><\/div>  \n<\/div><\/div><\/div><div class=\"wpb_column vc_column_container vc_col-sm-6\"><div class=\"vc_column-inner\"><div class=\"wpb_wrapper\"><div  class =\"integrio_module_spacing\"><div class=\"spacing_size spacing_size-initial\" style=\"height:30px;\"><\/div><\/div>  \n\n\t<div class=\"wpb_video_widget wpb_content_element vc_clearfix   vc_video-aspect-ratio-169 vc_video-el-width-100 vc_video-align-center\" >\n\t\t<div class=\"wpb_wrapper\">\n\t\t\t\n\t\t\t<div class=\"wpb_video_wrapper\"><iframe loading=\"lazy\" title=\"What is Power BI?\" width=\"500\" height=\"281\" src=\"https:\/\/www.youtube.com\/embed\/yKTSLffVGbk?feature=oembed\" frameborder=\"0\" allow=\"accelerometer; autoplay; clipboard-write; encrypted-media; gyroscope; picture-in-picture; web-share\" referrerpolicy=\"strict-origin-when-cross-origin\" allowfullscreen><\/iframe><\/div>\n\t\t<\/div>\n\t<\/div>\n<\/div><\/div><\/div><\/div><div  class=\"vc_row wpb_row vc_row-fluid\"><div class=\"wpb_column vc_column_container vc_col-sm-12\"><div class=\"vc_column-inner\"><div class=\"wpb_wrapper\"><div  class =\"integrio_module_spacing\"><div class=\"spacing_size spacing_size-initial\" style=\"height:30px;\"><\/div><\/div>  \n<div id=\"integrio_dbl_69ee60800cb08\" class=\"integrio_module_double_headings acenter\"><div class=\"heading_title\"  style=\"font-size:42px; line-height:1.238; color:#707070; \"><h2>Advantages<\/h2><\/div><\/div>  \n<div  class =\"integrio_module_spacing\"><div class=\"spacing_size spacing_size-initial\" style=\"height:30px;\"><\/div><\/div>  \n<\/div><\/div><\/div><\/div><div  class=\"vc_row wpb_row vc_row-fluid\"><div class=\"wpb_column vc_column_container vc_col-sm-4\"><div class=\"vc_column-inner\"><div class=\"wpb_wrapper\"><div class=\"integrio_module_services service_fade acenter bg_front_frame\"><div class=\"services_wrapper\"><div class=\"services_front\" style=\"border-color:rgba(255,255,255,0.3);\"><div class=\"services_icon_wrapper\"><div class=\"services_icon\"  style=\"height:100px;\"><img decoding=\"async\" src=\"\/wp-content\/uploads\/2025\/04\/F5TCI-Novos-Icones_v3-12-200x200.png\" alt=\"\"  style=\"width:100px; height:100px;\" \/><\/div><\/div><h5 class=\"services_title\" style=\"color:#1884a5;\">Establish a governed source of truth<\/h5><div class=\"services_descr\" style=\"color:#848484;\">Connect all your disparate data sources in the same environment to establish a single source of truth for all your data.<\/div><\/div><div class=\"services_back\" style=\"background:rgba(255,255,255,0.01);\"><\/div><\/div><\/div><\/div><\/div><\/div><div class=\"wpb_column vc_column_container vc_col-sm-4\"><div class=\"vc_column-inner\"><div class=\"wpb_wrapper\"><div class=\"integrio_module_services service_fade acenter bg_front_frame\"><div class=\"services_wrapper\"><div class=\"services_front\" style=\"border-color:rgba(255,255,255,0.3);\"><div class=\"services_icon_wrapper\"><div class=\"services_icon\"  style=\"height:100px;\"><img decoding=\"async\" src=\"\/wp-content\/uploads\/2025\/04\/F5TCI-Novos-Icones_v4-14-200x200.png\" alt=\"\"  style=\"width:100px; height:100px;\" \/><\/div><\/div><h5 class=\"services_title\" style=\"color:#1884a5;\">Unify enterprise scale and self service<\/h5><div class=\"services_descr\" style=\"color:#848484;\">Combine enterprise-scale and self-service BI to drive insights and innovation at every level of your organization.<\/div><\/div><div class=\"services_back\" style=\"background:rgba(255,255,255,0.01);\"><\/div><\/div><\/div><\/div><\/div><\/div><div class=\"wpb_column vc_column_container vc_col-sm-4\"><div class=\"vc_column-inner\"><div class=\"wpb_wrapper\"><div class=\"integrio_module_services service_fade acenter bg_front_frame\"><div class=\"services_wrapper\"><div class=\"services_front\" style=\"border-color:rgba(255,255,255,0.3);\"><div class=\"services_icon_wrapper\"><div class=\"services_icon\" ><img decoding=\"async\" src=\"\/wp-content\/uploads\/2021\/02\/qlik-sense-scalability-api.png\" alt=\"Qlik Sense scalability and has native api integration\"  \/><\/div><\/div><h5 class=\"services_title\" style=\"color:#1884a5;\">Infuse data experiences everywhere<\/h5><div class=\"services_descr\" style=\"color:#848484;\">Bridge the gap between insights and decisions through unmatched interoperation with the apps people use every day.<\/div><\/div><div class=\"services_back\" style=\"background:rgba(255,255,255,0.01);\"><\/div><\/div><\/div><\/div><\/div><\/div><\/div><div  class=\"vc_row wpb_row vc_row-fluid\"><div class=\"wpb_column vc_column_container vc_col-sm-4\"><div class=\"vc_column-inner\"><div class=\"wpb_wrapper\"><div class=\"integrio_module_services service_fade acenter bg_front_frame\"><div class=\"services_wrapper\"><div class=\"services_front\" style=\"border-color:rgba(255,255,255,0.3);\"><div class=\"services_icon_wrapper\"><div class=\"services_icon\"  style=\"height:100px;\"><img decoding=\"async\" src=\"\/wp-content\/uploads\/2025\/04\/Capacidade-Dados-85-x-91-01-200x200.png\" alt=\"\"  style=\"width:100px; height:100px;\" \/><\/div><\/div><h5 class=\"services_title\" style=\"color:#1884a5;\">Empower anyone to work with data<\/h5><div class=\"services_descr\" style=\"color:#848484;\">Ensure everyone can explore data with an easy-to-use interface, free training resources, and an array of accessibility features.<\/div><\/div><div class=\"services_back\" style=\"background:rgba(255,255,255,0.01);\"><\/div><\/div><\/div><\/div><\/div><\/div><div class=\"wpb_column vc_column_container vc_col-sm-4\"><div class=\"vc_column-inner\"><div class=\"wpb_wrapper\"><div class=\"integrio_module_services service_fade acenter bg_front_frame\"><div class=\"services_wrapper\"><div class=\"services_front\" style=\"border-color:rgba(255,255,255,0.3);\"><div class=\"services_icon_wrapper\"><div class=\"services_icon\"  style=\"height:105px;\"><img decoding=\"async\" src=\"\/wp-content\/uploads\/2025\/04\/F5TCI-Novos-Icones_v4-02-210x210.png\" alt=\"\"  style=\"width:105px; height:105px;\" \/><\/div><\/div><h5 class=\"services_title\" style=\"color:#1884a5;\">Get started immediately<\/h5><div class=\"services_descr\" style=\"color:#848484;\">Start quickly with an easy-to-use report-creation experience, AI-generated reports, and hundreds of report templates.<\/div><\/div><div class=\"services_back\" style=\"background:rgba(255,255,255,0.01);\"><\/div><\/div><\/div><\/div><\/div><\/div><div class=\"wpb_column vc_column_container vc_col-sm-4\"><div class=\"vc_column-inner\"><div class=\"wpb_wrapper\"><div class=\"integrio_module_services service_fade acenter bg_front_frame\"><div class=\"services_wrapper\"><div class=\"services_front\" style=\"border-color:rgba(255,255,255,0.3);\"><div class=\"services_icon_wrapper\"><div class=\"services_icon\"  style=\"height:100px;\"><img decoding=\"async\" src=\"\/wp-content\/uploads\/2025\/04\/F5TCI-Novos-Icones_v4-06-200x200.png\" alt=\"\"  style=\"width:100px; height:100px;\" \/><\/div><\/div><h5 class=\"services_title\" style=\"color:#1884a5;\">Embed BI reports for your customers<\/h5><div class=\"services_descr\" style=\"color:#848484;\">Improve usability and user engagement in your own apps by using Power BI Embedded to embed stunning reports.<\/div><\/div><div class=\"services_back\" style=\"background:rgba(255,255,255,0.01);\"><\/div><\/div><\/div><\/div><\/div><\/div><\/div><div  class=\"vc_row wpb_row vc_row-fluid\"><div class=\"wpb_column vc_column_container vc_col-sm-12\"><div class=\"vc_column-inner\"><div class=\"wpb_wrapper\"><div  class =\"integrio_module_spacing\"><div class=\"spacing_size spacing_size-initial\" style=\"height:40px;\"><\/div><\/div>  \n<\/div><\/div><\/div><\/div><div  class=\"vc_row wpb_row vc_row-fluid\"><div class=\"wpb_column vc_column_container vc_col-sm-12\"><div class=\"vc_column-inner\"><div class=\"wpb_wrapper\"><div  class =\"integrio_module_spacing\"><div class=\"spacing_size spacing_size-initial\" style=\"height:30px;\"><\/div><\/div>  \n<div id=\"integrio_button_69ee60805b07e\" class=\"integrio_module_button wgl_button wgl_button-l wgl_button-icon_right btn-gradient acenter\"><a class=\"wgl_button_link\" href=\"https:\/\/www.f5tci.com\/en\/contacts\/\">Contact Us<i class=\"wgl_button-icon flaticon-right-arrow\" ><\/i><span class=\"btn_border_gradient\"><\/span><\/a><\/div>\n<div  class =\"integrio_module_spacing\"><div class=\"spacing_size spacing_size-initial\" style=\"height:30px;\"><\/div><\/div>  \n<\/div><\/div><\/div><\/div>","protected":false},"excerpt":{"rendered":"Discover powerful information and turn it into impact!Power BI | Scalable Self-Service BI Com sua interface intuitiva, poderosos recursos de intelig\u00eancia artificial (IA) e integra\u00e7\u00e3o flu\u00edda com diversas fontes de dados, o Power BI permite transformar informa\u00e7\u00f5es em insights estrat\u00e9gicos. Seja na cloud ou localmente, a plataforma capacita toda a equipa para explorar dados de [...]","protected":false},"author":1,"featured_media":0,"parent":0,"menu_order":0,"comment_status":"closed","ping_status":"closed","template":"","meta":{"footnotes":""},"class_list":["post-19080","page","type-page","status-publish","hentry"],"yoast_head":"<!-- This site is optimized with the Yoast SEO plugin v22.0 - https:\/\/yoast.com\/wordpress\/plugins\/seo\/ -->\n<title>F5tci - Power BI - visualiza\u00e7\u00e3o de dados intuitiva<\/title>\n<meta name=\"description\" content=\"O Power BI \u00e9 uma plataforma unificada e dimension\u00e1vel para business intelligence de self-service e empresarial.\" \/>\n<meta name=\"robots\" content=\"index, follow, max-snippet:-1, max-image-preview:large, max-video-preview:-1\" \/>\n<link rel=\"canonical\" href=\"https:\/\/www.f5tci.com\/en\/power-bi-visualizacao-dados\/\" \/>\n<meta property=\"og:locale\" content=\"en_GB\" \/>\n<meta property=\"og:type\" content=\"article\" \/>\n<meta property=\"og:title\" content=\"F5tci - Power BI - visualiza\u00e7\u00e3o de dados intuitiva\" \/>\n<meta property=\"og:description\" content=\"O Power BI \u00e9 uma plataforma unificada e dimension\u00e1vel para business intelligence de self-service e empresarial.\" \/>\n<meta property=\"og:url\" content=\"https:\/\/www.f5tci.com\/en\/power-bi-visualizacao-dados\/\" \/>\n<meta property=\"og:site_name\" content=\"F5tci\" \/>\n<meta property=\"article:modified_time\" content=\"2025-04-24T20:37:29+00:00\" \/>\n<meta name=\"twitter:card\" content=\"summary_large_image\" \/>\n<meta name=\"twitter:label1\" content=\"Estimated reading time\" \/>\n\t<meta name=\"twitter:data1\" content=\"2 minutes\" \/>\n<script type=\"application\/ld+json\" class=\"yoast-schema-graph\">{\"@context\":\"https:\/\/schema.org\",\"@graph\":[{\"@type\":\"WebPage\",\"@id\":\"https:\/\/www.f5tci.com\/en\/power-bi-visualizacao-dados\/\",\"url\":\"https:\/\/www.f5tci.com\/en\/power-bi-visualizacao-dados\/\",\"name\":\"F5tci - Power BI - visualiza\u00e7\u00e3o de dados intuitiva\",\"isPartOf\":{\"@id\":\"https:\/\/www.f5tci.com\/#website\"},\"datePublished\":\"2025-03-28T16:18:35+00:00\",\"dateModified\":\"2025-04-24T20:37:29+00:00\",\"description\":\"O Power BI \u00e9 uma plataforma unificada e dimension\u00e1vel para business intelligence de self-service e empresarial.\",\"breadcrumb\":{\"@id\":\"https:\/\/www.f5tci.com\/en\/power-bi-visualizacao-dados\/#breadcrumb\"},\"inLanguage\":\"en-GB\",\"potentialAction\":[{\"@type\":\"ReadAction\",\"target\":[\"https:\/\/www.f5tci.com\/en\/power-bi-visualizacao-dados\/\"]}]},{\"@type\":\"BreadcrumbList\",\"@id\":\"https:\/\/www.f5tci.com\/en\/power-bi-visualizacao-dados\/#breadcrumb\",\"itemListElement\":[{\"@type\":\"ListItem\",\"position\":1,\"name\":\"In\u00edcio\",\"item\":\"https:\/\/www.f5tci.com\/\"},{\"@type\":\"ListItem\",\"position\":2,\"name\":\"Power BI\"}]},{\"@type\":\"WebSite\",\"@id\":\"https:\/\/www.f5tci.com\/#website\",\"url\":\"https:\/\/www.f5tci.com\/\",\"name\":\"F5tci\",\"description\":\"Information For All\",\"publisher\":{\"@id\":\"https:\/\/www.f5tci.com\/#organization\"},\"potentialAction\":[{\"@type\":\"SearchAction\",\"target\":{\"@type\":\"EntryPoint\",\"urlTemplate\":\"https:\/\/www.f5tci.com\/?s={search_term_string}\"},\"query-input\":\"required name=search_term_string\"}],\"inLanguage\":\"en-GB\"},{\"@type\":\"Organization\",\"@id\":\"https:\/\/www.f5tci.com\/#organization\",\"name\":\"F5tci\",\"url\":\"https:\/\/www.f5tci.com\/\",\"logo\":{\"@type\":\"ImageObject\",\"inLanguage\":\"en-GB\",\"@id\":\"https:\/\/www.f5tci.com\/#\/schema\/logo\/image\/\",\"url\":\"https:\/\/www.f5tci.com\/wp-content\/uploads\/2021\/02\/20-anos-f5tci.png\",\"contentUrl\":\"https:\/\/www.f5tci.com\/wp-content\/uploads\/2021\/02\/20-anos-f5tci.png\",\"width\":2347,\"height\":472,\"caption\":\"F5tci\"},\"image\":{\"@id\":\"https:\/\/www.f5tci.com\/#\/schema\/logo\/image\/\"},\"sameAs\":[\"https:\/\/www.linkedin.com\/company\/f5---tecnologias-de-comunica\u00e7\u00e3o-e-informa\u00e7\u00e3o-lda\/\"]}]}<\/script>\n<!-- \/ Yoast SEO plugin. -->","yoast_head_json":{"title":"F5tci - Power BI - visualiza\u00e7\u00e3o de dados intuitiva","description":"O Power BI \u00e9 uma plataforma unificada e dimension\u00e1vel para business intelligence de self-service e empresarial.","robots":{"index":"index","follow":"follow","max-snippet":"max-snippet:-1","max-image-preview":"max-image-preview:large","max-video-preview":"max-video-preview:-1"},"canonical":"https:\/\/www.f5tci.com\/en\/power-bi-visualizacao-dados\/","og_locale":"en_GB","og_type":"article","og_title":"F5tci - Power BI - visualiza\u00e7\u00e3o de dados intuitiva","og_description":"O Power BI \u00e9 uma plataforma unificada e dimension\u00e1vel para business intelligence de self-service e empresarial.","og_url":"https:\/\/www.f5tci.com\/en\/power-bi-visualizacao-dados\/","og_site_name":"F5tci","article_modified_time":"2025-04-24T20:37:29+00:00","twitter_card":"summary_large_image","twitter_misc":{"Estimated reading time":"2 minutes"},"schema":{"@context":"https:\/\/schema.org","@graph":[{"@type":"WebPage","@id":"https:\/\/www.f5tci.com\/en\/power-bi-visualizacao-dados\/","url":"https:\/\/www.f5tci.com\/en\/power-bi-visualizacao-dados\/","name":"F5tci - Power BI - visualiza\u00e7\u00e3o de dados intuitiva","isPartOf":{"@id":"https:\/\/www.f5tci.com\/#website"},"datePublished":"2025-03-28T16:18:35+00:00","dateModified":"2025-04-24T20:37:29+00:00","description":"O Power BI \u00e9 uma plataforma unificada e dimension\u00e1vel para business intelligence de self-service e empresarial.","breadcrumb":{"@id":"https:\/\/www.f5tci.com\/en\/power-bi-visualizacao-dados\/#breadcrumb"},"inLanguage":"en-GB","potentialAction":[{"@type":"ReadAction","target":["https:\/\/www.f5tci.com\/en\/power-bi-visualizacao-dados\/"]}]},{"@type":"BreadcrumbList","@id":"https:\/\/www.f5tci.com\/en\/power-bi-visualizacao-dados\/#breadcrumb","itemListElement":[{"@type":"ListItem","position":1,"name":"In\u00edcio","item":"https:\/\/www.f5tci.com\/"},{"@type":"ListItem","position":2,"name":"Power BI"}]},{"@type":"WebSite","@id":"https:\/\/www.f5tci.com\/#website","url":"https:\/\/www.f5tci.com\/","name":"F5tci","description":"Information For All","publisher":{"@id":"https:\/\/www.f5tci.com\/#organization"},"potentialAction":[{"@type":"SearchAction","target":{"@type":"EntryPoint","urlTemplate":"https:\/\/www.f5tci.com\/?s={search_term_string}"},"query-input":"required name=search_term_string"}],"inLanguage":"en-GB"},{"@type":"Organization","@id":"https:\/\/www.f5tci.com\/#organization","name":"F5tci","url":"https:\/\/www.f5tci.com\/","logo":{"@type":"ImageObject","inLanguage":"en-GB","@id":"https:\/\/www.f5tci.com\/#\/schema\/logo\/image\/","url":"https:\/\/www.f5tci.com\/wp-content\/uploads\/2021\/02\/20-anos-f5tci.png","contentUrl":"https:\/\/www.f5tci.com\/wp-content\/uploads\/2021\/02\/20-anos-f5tci.png","width":2347,"height":472,"caption":"F5tci"},"image":{"@id":"https:\/\/www.f5tci.com\/#\/schema\/logo\/image\/"},"sameAs":["https:\/\/www.linkedin.com\/company\/f5---tecnologias-de-comunica\u00e7\u00e3o-e-informa\u00e7\u00e3o-lda\/"]}]}},"_links":{"self":[{"href":"https:\/\/www.f5tci.com\/en\/wp-json\/wp\/v2\/pages\/19080"}],"collection":[{"href":"https:\/\/www.f5tci.com\/en\/wp-json\/wp\/v2\/pages"}],"about":[{"href":"https:\/\/www.f5tci.com\/en\/wp-json\/wp\/v2\/types\/page"}],"author":[{"embeddable":true,"href":"https:\/\/www.f5tci.com\/en\/wp-json\/wp\/v2\/users\/1"}],"replies":[{"embeddable":true,"href":"https:\/\/www.f5tci.com\/en\/wp-json\/wp\/v2\/comments?post=19080"}],"version-history":[{"count":0,"href":"https:\/\/www.f5tci.com\/en\/wp-json\/wp\/v2\/pages\/19080\/revisions"}],"wp:attachment":[{"href":"https:\/\/www.f5tci.com\/en\/wp-json\/wp\/v2\/media?parent=19080"}],"curies":[{"name":"wp","href":"https:\/\/api.w.org\/{rel}","templated":true}]}}