{"id":805,"date":"2019-05-08T14:51:31","date_gmt":"2019-05-08T14:51:31","guid":{"rendered":"http:\/\/integrio.wgl-demo.net\/?page_id=805"},"modified":"2022-01-06T15:51:22","modified_gmt":"2022-01-06T15:51:22","slug":"faqs","status":"publish","type":"page","link":"https:\/\/www.f5tci.com\/en\/faqs\/","title":{"rendered":"FAQ&#8217;s"},"content":{"rendered":"<div  class=\"vc_row wpb_row vc_row-fluid vc_custom_1557328117765 vc_row-o-content-middle vc_row-flex wgl-row-animation\"><div class=\"wpb_column vc_column_container vc_col-sm-12 vc_col-md-6\"><div class=\"vc_column-inner vc_custom_1556974923572\"><div class=\"wpb_wrapper\"><div  class =\"integrio_module_spacing\"><div class=\"spacing_size spacing_size-initial\" style=\"height:48px;\"><\/div><\/div>  \n<div id=\"integrio_dbl_69d63b89ccce0\" class=\"integrio_module_double_headings aleft  with_squares\"><div class=\"heading_subtitle\" style=\"font-size:14px; line-height:20px; \"><div>FAQ\u2019S<\/div><\/div><div class=\"heading_title\"  style=\"font-size:42px; line-height:1.238; \"><div class=\"heading_title_tablet\" style=\"font-size:38px;\"><div class=\"heading_title_mobile\" style=\"font-size:34px;\"><div>Need Help?<br \/>\nRead Popular Questions<\/div><\/div><\/div><\/div><\/div>  \n<div id=\"integrio_spacer_69d63b89cced4\" class =\"integrio_module_spacing responsive_active\"><div class=\"spacing_size spacing_size-initial\" style=\"height:23px;\"><\/div><div class=\"spacing_size spacing_size-desktops\" style=\"height:0px;\"><\/div><\/div>  \n<\/div><\/div><\/div><div class=\"wpb_column vc_column_container vc_col-sm-12 vc_col-md-offset-0 vc_col-md-6\"><div class=\"vc_column-inner\"><div class=\"wpb_wrapper\"><div id=\"integrio_spacer_69d63b89cd28f\" class =\"integrio_module_spacing responsive_active\"><div class=\"spacing_size spacing_size-initial\" style=\"height:87px;\"><\/div><div class=\"spacing_size spacing_size-desktops\" style=\"height:15px;\"><\/div><\/div>  \n\n\t<div class=\"wpb_text_column wpb_content_element\" >\n\t\t<div class=\"wpb_wrapper\">\n\t\t\t<h5 style=\"letter-spacing: 0.2px; font-weight: 400; line-height: 36px; color: #616161;\">Integrio deep industry expertise enables global brands to hit the ground running.<\/h5>\n\n\t\t<\/div>\n\t<\/div>\n<\/div><\/div><\/div><div class=\"wpb_column vc_column_container vc_col-sm-12\"><div class=\"vc_column-inner\"><div class=\"wpb_wrapper\"><div id=\"integrio_spacer_69d63b89cd47d\" class =\"integrio_module_spacing responsive_active\"><div class=\"spacing_size spacing_size-initial\" style=\"height:18px;\"><\/div><div class=\"spacing_size spacing_size-desktops\" style=\"height:40px;\"><\/div><\/div>  \n<\/div><\/div><\/div><div id=\"extended_69d63b89cd4c3\" class=\"extended-parallax\" data-paroller-type=\"foreground\" style=\"top:0%; left:-4%; \" data-paroller-direction=\"horizontal\" data-paroller-factor=\"0\" ><img decoding=\"async\" src=\"\" alt=\"\" \/><\/div><\/div><div  class=\"vc_row wpb_row vc_row-fluid\"><div class=\"wpb_column vc_column_container vc_col-sm-12 vc_col-md-6\"><div class=\"vc_column-inner\"><div class=\"wpb_wrapper\"><div  class=\"vc_toggle vc_toggle_classic vc_toggle_color_arrow  vc_toggle_size_right vc_toggle_active\"><div class=\"vc_toggle_title\"><h4>How much does a website cost?<\/h4><i class=\"vc_toggle_icon\"><\/i><\/div><div class=\"vc_toggle_content\"><p>Since 2007 we have been a visionary and a reliable software engineering partner for world-class brands. We are a boutique digital transformation consultancy.<\/p>\n<\/div><\/div><div  class=\"vc_toggle vc_toggle_classic vc_toggle_color_arrow  vc_toggle_size_right\"><div class=\"vc_toggle_title\"><h4>How long does it take to build a website?<\/h4><i class=\"vc_toggle_icon\"><\/i><\/div><div class=\"vc_toggle_content\"><p>Since 2007 we have been a visionary and a reliable software engineering partner for world-class brands. We are a boutique digital transformation consultancy.<\/p>\n<\/div><\/div><div  class=\"vc_toggle vc_toggle_classic vc_toggle_color_arrow  vc_toggle_size_right\"><div class=\"vc_toggle_title\"><h4>Are there any other costs for my website?<\/h4><i class=\"vc_toggle_icon\"><\/i><\/div><div class=\"vc_toggle_content\"><p>Since 2007 we have been a visionary and a reliable software engineering partner for world-class brands. We are a boutique digital transformation consultancy.<\/p>\n<\/div><\/div><div  class =\"integrio_module_spacing\"><div class=\"spacing_size spacing_size-initial\" style=\"height:30px;\"><\/div><\/div>  \n<\/div><\/div><\/div><div class=\"wpb_column vc_column_container vc_col-sm-12 vc_col-md-6\"><div class=\"vc_column-inner\"><div class=\"wpb_wrapper\"><div  class=\"vc_toggle vc_toggle_classic vc_toggle_color_arrow  vc_toggle_size_right vc_toggle_active\"><div class=\"vc_toggle_title\"><h4>Can you help with my social media?<\/h4><i class=\"vc_toggle_icon\"><\/i><\/div><div class=\"vc_toggle_content\"><p>Since 2007 we have been a visionary and a reliable software engineering partner for world-class brands. We are a boutique digital transformation consultancy.<\/p>\n<\/div><\/div><div  class=\"vc_toggle vc_toggle_classic vc_toggle_color_arrow  vc_toggle_size_right\"><div class=\"vc_toggle_title\"><h4>Can you run online marketing campaigns for us?<\/h4><i class=\"vc_toggle_icon\"><\/i><\/div><div class=\"vc_toggle_content\"><p>Since 2007 we have been a visionary and a reliable software engineering partner for world-class brands. We are a boutique digital transformation consultancy.<\/p>\n<\/div><\/div><div  class=\"vc_toggle vc_toggle_classic vc_toggle_color_arrow  vc_toggle_size_right\"><div class=\"vc_toggle_title\"><h4>Do you offer on-going help with our new site?<\/h4><i class=\"vc_toggle_icon\"><\/i><\/div><div class=\"vc_toggle_content\"><p>Since 2007 we have been a visionary and a reliable software engineering partner for world-class brands. We are a boutique digital transformation consultancy.<\/p>\n<\/div><\/div><div  class =\"integrio_module_spacing\"><div class=\"spacing_size spacing_size-initial\" style=\"height:30px;\"><\/div><\/div>  \n<\/div><\/div><\/div><div class=\"wpb_column vc_column_container vc_col-sm-12\"><div class=\"vc_column-inner\"><div class=\"wpb_wrapper\"><div  class =\"integrio_module_spacing\"><div class=\"spacing_size spacing_size-initial\" style=\"height:82px;\"><\/div><\/div>  \n<\/div><\/div><\/div><\/div><div style=\"z-index: 2; \" class=\"vc_row wpb_row vc_row-fluid\"><div class=\"wpb_column vc_column_container vc_col-sm-12\"><div class=\"vc_column-inner vc_custom_1557331468565\"><div class=\"wpb_wrapper\"><div class=\"vc_row wpb_row vc_inner vc_row-fluid row-gradient vc_custom_1557329950621\"><div class=\"wpb_column vc_column_container vc_col-sm-12\"><div class=\"vc_column-inner vc_custom_1557331625145\"><div class=\"wpb_wrapper\"><div  class =\"integrio_module_spacing\"><div class=\"spacing_size spacing_size-initial\" style=\"height:51px;\"><\/div><\/div>  \n\n\t<div class=\"wpb_text_column wpb_content_element\" >\n\t\t<div class=\"wpb_wrapper\">\n\t\t\t<h4 style=\"text-align: center;\"><span style=\"color: #ffffff;\">Get a Free Consultancy<\/span><\/h4>\n\n\t\t<\/div>\n\t<\/div>\n<div  class =\"integrio_module_spacing\"><div class=\"spacing_size spacing_size-initial\" style=\"height:33px;\"><\/div><\/div>  \n<p class=\"wpcf7-contact-form-not-found\"><strong>Error:<\/strong> Contact form not found.<\/p><div  class =\"integrio_module_spacing\"><div class=\"spacing_size spacing_size-initial\" style=\"height:38px;\"><\/div><\/div>  \n<\/div><\/div><\/div><\/div><\/div><\/div><\/div><\/div><div  data-vc-full-width=\"true\" data-vc-full-width-init=\"false\" class=\"vc_row wpb_row vc_row-fluid vc_custom_1557330538972 vc_row-has-fill\"><div class=\"wpb_column vc_column_container vc_col-sm-12\"><div class=\"vc_column-inner\"><div class=\"wpb_wrapper\"><div  class =\"integrio_module_spacing\"><div class=\"spacing_size spacing_size-initial\" style=\"height:182px;\"><\/div><\/div>  \n\n\t<div class=\"wpb_text_column wpb_content_element\" >\n\t\t<div class=\"wpb_wrapper\">\n\t\t\t<h4 style=\"text-align: center;\"><span style=\"color: #fefefe; font-weight: 400;\">Still Need Help?<\/span><\/h4>\n\n\t\t<\/div>\n\t<\/div>\n<div  class =\"integrio_module_spacing\"><div class=\"spacing_size spacing_size-initial\" style=\"height:3px;\"><\/div><\/div>  \n<div class =\"integrio_module_text\" style=\"font-size:100px;line-height:124px;\"><div class=\"text_desktop\" style=\"font-size:80px;line-height:90px;\"><div class=\"text_tablet\" style=\"font-size:60px;line-height:70px;\"> <div class=\"text_mobile\" style=\"font-size:40px;line-height:50px;\">\n<h3 style=\"text-align: center;\"><span style=\"color: #fefefe;\">Free Guide Here<\/span><\/h3>\n <\/div> <\/div> <\/div><\/div>  \n<div  class =\"integrio_module_spacing\"><div class=\"spacing_size spacing_size-initial\" style=\"height:60px;\"><\/div><\/div>  \n<div id=\"integrio_video_69d63b89e6f8b\" class=\"integrio_module_videobox button_align-center title_pos-bot animation_circles always-run-animation\"><div class=\"videobox_content\"><a data-rel=\"youtube-69d63b89e7010\" class=\"videobox_link videobox\" href=\"#\"><svg class=\"videobox_icon\" width=\"31%\" height=\"31%\" fill=\"#0c5adb\" viewbox=\"0 0 10 10\"><polygon points=\"1,0 1,10 8.5,5\"\/><\/svg><div class=\"videobox_animation circle_1\" style=\"border-color: #ffffff\"><\/div><div class=\"videobox_animation circle_2\" style=\"border-color: #ffffff\"><\/div><div class=\"videobox_animation circle_3\" style=\"border-color: #ffffff\"><\/div><\/a><\/div><\/div><div  class =\"integrio_module_spacing\"><div class=\"spacing_size spacing_size-initial\" style=\"height:108px;\"><\/div><\/div>  \n<\/div><\/div><\/div><\/div><div class=\"vc_row-full-width vc_clearfix\"><\/div><div  class=\"vc_row wpb_row vc_row-fluid\"><div class=\"wpb_column vc_column_container vc_col-sm-12 vc_col-lg-offset-2 vc_col-lg-8 vc_col-md-offset-1 vc_col-md-10\"><div class=\"vc_column-inner vc_custom_1557334525121\"><div class=\"wpb_wrapper\"><div  class =\"integrio_module_spacing\"><div class=\"spacing_size spacing_size-initial\" style=\"height:77px;\"><\/div><\/div>  \n<div id=\"integrio_dbl_69d63b89e89fc\" class=\"integrio_module_double_headings acenter  with_squares\"><div class=\"heading_subtitle\" style=\"font-size:14px; line-height:20px; \"><div>OUR CONTACTS<\/div><\/div><div class=\"heading_title\"  style=\"font-size:42px; line-height:1.238; \"><div class=\"heading_title_tablet\" style=\"font-size:38px;\"><div class=\"heading_title_mobile\" style=\"font-size:34px;\"><div>We\u2019re Here to Help You<\/div><\/div><\/div><\/div><\/div>  \n<div  class =\"integrio_module_spacing\"><div class=\"spacing_size spacing_size-initial\" style=\"height:21px;\"><\/div><\/div>  \n\n\t<div class=\"wpb_text_column wpb_content_element\" >\n\t\t<div class=\"wpb_wrapper\">\n\t\t\t<p style=\"text-align: center;\">Got a project in mind? We\u2019d love to hear about it. Take five minutes to fill out our project form so that we can get to know you and understand your project.<\/p>\n\n\t\t<\/div>\n\t<\/div>\n<div  class =\"integrio_module_spacing\"><div class=\"spacing_size spacing_size-initial\" style=\"height:41px;\"><\/div><\/div>  \n<\/div><\/div><\/div><\/div><div  class=\"vc_row wpb_row vc_row-fluid\"><div class=\"wpb_column vc_column_container vc_col-sm-6 vc_col-md-4\"><div class=\"vc_column-inner\"><div class=\"wpb_wrapper\"><div class=\"integrio_module_services_4 services_center\" ><div class=\"services_wrapper\"><div class=\"services_icon-wrap\"><i class=\"services_icon flaticon-map-1\"  style=\"font-size:45px; color:#1884a5;\"><\/i><\/div><h4 class=\"services_title\"  style=\"color:#232323; \">Visit Us Daily:<\/h4><div class=\"services_subtitle\">27 Division St, New York, 10002<\/div><div class=\"services_content-wrap\"><div class=\"services_link-wrapper\"><div><a href=\"https:\/\/www.f5tci.com\/en\/contacts\/\" class=\"services_link\" target=\"\">Visit Us<\/a><\/div><\/div><\/div><\/div><\/div><div  class =\"integrio_module_spacing\"><div class=\"spacing_size spacing_size-initial\" style=\"height:30px;\"><\/div><\/div>  \n<\/div><\/div><\/div><div class=\"wpb_column vc_column_container vc_col-sm-6 vc_col-md-4\"><div class=\"vc_column-inner\"><div class=\"wpb_wrapper\"><div class=\"integrio_module_services_4 services_center\" ><div class=\"services_wrapper\"><div class=\"services_icon-wrap\"><i class=\"services_icon flaticon-app\"  style=\"font-size:45px; color:#1884a5;\"><\/i><\/div><h4 class=\"services_title\"  style=\"color:#232323; \">Phone Us 24\/7:<\/h4><div class=\"services_subtitle\">+8 (123) 456 789<\/div><div class=\"services_content-wrap\"><div class=\"services_link-wrapper\"><div><a href=\"https:\/\/www.f5tci.com\/en\/contacts\/\" class=\"services_link\" target=\"\">Phone Us now<\/a><\/div><\/div><\/div><\/div><\/div><div  class =\"integrio_module_spacing\"><div class=\"spacing_size spacing_size-initial\" style=\"height:30px;\"><\/div><\/div>  \n<\/div><\/div><\/div><div class=\"wpb_column vc_column_container vc_col-sm-6 vc_col-md-offset-0 vc_col-md-4 vc_col-sm-offset-3\"><div class=\"vc_column-inner\"><div class=\"wpb_wrapper\"><div class=\"integrio_module_services_4 services_center\" ><div class=\"services_wrapper\"><div class=\"services_icon-wrap\"><i class=\"services_icon flaticon-mail\"  style=\"font-size:45px; color:#1884a5;\"><\/i><\/div><h4 class=\"services_title\"  style=\"color:#232323; \">Mail Us 24\/7:<\/h4><div class=\"services_subtitle\">integrio@mail.com<\/div><div class=\"services_content-wrap\"><div class=\"services_link-wrapper\"><div><a href=\"https:\/\/www.f5tci.com\/en\/contacts\/\" class=\"services_link\" target=\"\">Mail us now<\/a><\/div><\/div><\/div><\/div><\/div><div  class =\"integrio_module_spacing\"><div class=\"spacing_size spacing_size-initial\" style=\"height:30px;\"><\/div><\/div>  \n<\/div><\/div><\/div><div class=\"wpb_column vc_column_container vc_col-sm-12\"><div class=\"vc_column-inner\"><div class=\"wpb_wrapper\"><div  class =\"integrio_module_spacing\"><div class=\"spacing_size spacing_size-initial\" style=\"height:50px;\"><\/div><\/div>  \n<\/div><\/div><\/div><\/div>","protected":false},"excerpt":{"rendered":"FAQ\u2019SNeed Help? Read Popular Questions Integrio deep industry expertise enables global brands to hit the ground running. How much does a website cost?Since 2007 we have been a visionary and a reliable software engineering partner for world-class brands. We are a boutique digital transformation consultancy. How long does it take to build a website?Since 2007 [...]","protected":false},"author":1,"featured_media":0,"parent":0,"menu_order":0,"comment_status":"closed","ping_status":"closed","template":"","meta":{"footnotes":""},"class_list":["post-805","page","type-page","status-publish","hentry"],"yoast_head":"<!-- This site is optimized with the Yoast SEO plugin v22.0 - https:\/\/yoast.com\/wordpress\/plugins\/seo\/ -->\n<title>F5tci FAQ&#039;s - Damos resposta \u00e0s suas perguntas sobre a F5tci<\/title>\n<meta name=\"robots\" content=\"index, follow, max-snippet:-1, max-image-preview:large, max-video-preview:-1\" \/>\n<link rel=\"canonical\" href=\"https:\/\/www.f5tci.com\/en\/faqs\/\" \/>\n<meta property=\"og:locale\" content=\"en_GB\" \/>\n<meta property=\"og:type\" content=\"article\" \/>\n<meta property=\"og:title\" content=\"F5tci FAQ&#039;s - Damos resposta \u00e0s suas perguntas sobre a F5tci\" \/>\n<meta property=\"og:url\" content=\"https:\/\/www.f5tci.com\/en\/faqs\/\" \/>\n<meta property=\"og:site_name\" content=\"F5tci\" \/>\n<meta property=\"article:modified_time\" content=\"2022-01-06T15:51:22+00:00\" \/>\n<meta name=\"twitter:card\" content=\"summary_large_image\" \/>\n<meta name=\"twitter:label1\" content=\"Estimated reading time\" \/>\n\t<meta name=\"twitter:data1\" content=\"5 minutes\" \/>\n<script type=\"application\/ld+json\" class=\"yoast-schema-graph\">{\"@context\":\"https:\/\/schema.org\",\"@graph\":[{\"@type\":\"WebPage\",\"@id\":\"https:\/\/www.f5tci.com\/en\/faqs\/\",\"url\":\"https:\/\/www.f5tci.com\/en\/faqs\/\",\"name\":\"F5tci FAQ's - Damos resposta \u00e0s suas perguntas sobre a F5tci\",\"isPartOf\":{\"@id\":\"https:\/\/f5tci.com\/#website\"},\"datePublished\":\"2019-05-08T14:51:31+00:00\",\"dateModified\":\"2022-01-06T15:51:22+00:00\",\"breadcrumb\":{\"@id\":\"https:\/\/www.f5tci.com\/en\/faqs\/#breadcrumb\"},\"inLanguage\":\"en-GB\",\"potentialAction\":[{\"@type\":\"ReadAction\",\"target\":[\"https:\/\/www.f5tci.com\/en\/faqs\/\"]}]},{\"@type\":\"BreadcrumbList\",\"@id\":\"https:\/\/www.f5tci.com\/en\/faqs\/#breadcrumb\",\"itemListElement\":[{\"@type\":\"ListItem\",\"position\":1,\"name\":\"In\u00edcio\",\"item\":\"https:\/\/f5tci.com\/\"},{\"@type\":\"ListItem\",\"position\":2,\"name\":\"FAQ&#8217;s\"}]},{\"@type\":\"WebSite\",\"@id\":\"https:\/\/f5tci.com\/#website\",\"url\":\"https:\/\/f5tci.com\/\",\"name\":\"F5tci\",\"description\":\"Information For All\",\"publisher\":{\"@id\":\"https:\/\/f5tci.com\/#organization\"},\"potentialAction\":[{\"@type\":\"SearchAction\",\"target\":{\"@type\":\"EntryPoint\",\"urlTemplate\":\"https:\/\/f5tci.com\/?s={search_term_string}\"},\"query-input\":\"required name=search_term_string\"}],\"inLanguage\":\"en-GB\"},{\"@type\":\"Organization\",\"@id\":\"https:\/\/f5tci.com\/#organization\",\"name\":\"F5tci\",\"url\":\"https:\/\/f5tci.com\/\",\"logo\":{\"@type\":\"ImageObject\",\"inLanguage\":\"en-GB\",\"@id\":\"https:\/\/f5tci.com\/#\/schema\/logo\/image\/\",\"url\":\"https:\/\/www.f5tci.com\/wp-content\/uploads\/2021\/02\/20-anos-f5tci.png\",\"contentUrl\":\"https:\/\/www.f5tci.com\/wp-content\/uploads\/2021\/02\/20-anos-f5tci.png\",\"width\":2347,\"height\":472,\"caption\":\"F5tci\"},\"image\":{\"@id\":\"https:\/\/f5tci.com\/#\/schema\/logo\/image\/\"},\"sameAs\":[\"https:\/\/www.linkedin.com\/company\/f5---tecnologias-de-comunica\u00e7\u00e3o-e-informa\u00e7\u00e3o-lda\/\"]}]}<\/script>\n<!-- \/ Yoast SEO plugin. -->","yoast_head_json":{"title":"F5tci FAQ's - Damos resposta \u00e0s suas perguntas sobre a F5tci","robots":{"index":"index","follow":"follow","max-snippet":"max-snippet:-1","max-image-preview":"max-image-preview:large","max-video-preview":"max-video-preview:-1"},"canonical":"https:\/\/www.f5tci.com\/en\/faqs\/","og_locale":"en_GB","og_type":"article","og_title":"F5tci FAQ's - Damos resposta \u00e0s suas perguntas sobre a F5tci","og_url":"https:\/\/www.f5tci.com\/en\/faqs\/","og_site_name":"F5tci","article_modified_time":"2022-01-06T15:51:22+00:00","twitter_card":"summary_large_image","twitter_misc":{"Estimated reading time":"5 minutes"},"schema":{"@context":"https:\/\/schema.org","@graph":[{"@type":"WebPage","@id":"https:\/\/www.f5tci.com\/en\/faqs\/","url":"https:\/\/www.f5tci.com\/en\/faqs\/","name":"F5tci FAQ's - Damos resposta \u00e0s suas perguntas sobre a F5tci","isPartOf":{"@id":"https:\/\/f5tci.com\/#website"},"datePublished":"2019-05-08T14:51:31+00:00","dateModified":"2022-01-06T15:51:22+00:00","breadcrumb":{"@id":"https:\/\/www.f5tci.com\/en\/faqs\/#breadcrumb"},"inLanguage":"en-GB","potentialAction":[{"@type":"ReadAction","target":["https:\/\/www.f5tci.com\/en\/faqs\/"]}]},{"@type":"BreadcrumbList","@id":"https:\/\/www.f5tci.com\/en\/faqs\/#breadcrumb","itemListElement":[{"@type":"ListItem","position":1,"name":"In\u00edcio","item":"https:\/\/f5tci.com\/"},{"@type":"ListItem","position":2,"name":"FAQ&#8217;s"}]},{"@type":"WebSite","@id":"https:\/\/f5tci.com\/#website","url":"https:\/\/f5tci.com\/","name":"F5tci","description":"Information For All","publisher":{"@id":"https:\/\/f5tci.com\/#organization"},"potentialAction":[{"@type":"SearchAction","target":{"@type":"EntryPoint","urlTemplate":"https:\/\/f5tci.com\/?s={search_term_string}"},"query-input":"required name=search_term_string"}],"inLanguage":"en-GB"},{"@type":"Organization","@id":"https:\/\/f5tci.com\/#organization","name":"F5tci","url":"https:\/\/f5tci.com\/","logo":{"@type":"ImageObject","inLanguage":"en-GB","@id":"https:\/\/f5tci.com\/#\/schema\/logo\/image\/","url":"https:\/\/www.f5tci.com\/wp-content\/uploads\/2021\/02\/20-anos-f5tci.png","contentUrl":"https:\/\/www.f5tci.com\/wp-content\/uploads\/2021\/02\/20-anos-f5tci.png","width":2347,"height":472,"caption":"F5tci"},"image":{"@id":"https:\/\/f5tci.com\/#\/schema\/logo\/image\/"},"sameAs":["https:\/\/www.linkedin.com\/company\/f5---tecnologias-de-comunica\u00e7\u00e3o-e-informa\u00e7\u00e3o-lda\/"]}]}},"_links":{"self":[{"href":"https:\/\/www.f5tci.com\/en\/wp-json\/wp\/v2\/pages\/805"}],"collection":[{"href":"https:\/\/www.f5tci.com\/en\/wp-json\/wp\/v2\/pages"}],"about":[{"href":"https:\/\/www.f5tci.com\/en\/wp-json\/wp\/v2\/types\/page"}],"author":[{"embeddable":true,"href":"https:\/\/www.f5tci.com\/en\/wp-json\/wp\/v2\/users\/1"}],"replies":[{"embeddable":true,"href":"https:\/\/www.f5tci.com\/en\/wp-json\/wp\/v2\/comments?post=805"}],"version-history":[{"count":0,"href":"https:\/\/www.f5tci.com\/en\/wp-json\/wp\/v2\/pages\/805\/revisions"}],"wp:attachment":[{"href":"https:\/\/www.f5tci.com\/en\/wp-json\/wp\/v2\/media?parent=805"}],"curies":[{"name":"wp","href":"https:\/\/api.w.org\/{rel}","templated":true}]}}